{"id":3,"date":"2025-09-10T12:25:34","date_gmt":"2025-09-10T15:25:34","guid":{"rendered":"http:\/\/54.159.31.232\/?page_id=3"},"modified":"2025-11-19T14:39:11","modified_gmt":"2025-11-19T17:39:11","slug":"privacy-and-cookies-policy-veloso-green-coffee","status":"publish","type":"page","link":"https:\/\/veloso.com.br\/pt\/privacy-and-cookies-policy-veloso-green-coffee\/","title":{"rendered":"Pol\u00edtica de Privacidade e Cookies"},"content":{"rendered":"<div data-elementor-type=\"wp-page\" data-elementor-id=\"3\" class=\"elementor elementor-3\" data-elementor-post-type=\"page\">\n\t\t\t\t<div class=\"elementor-element elementor-element-fe46610 e-flex e-con-boxed e-con e-parent\" data-id=\"fe46610\" data-element_type=\"container\" data-e-type=\"container\" data-settings=\"{&quot;background_background&quot;:&quot;classic&quot;}\">\n\t\t\t\t\t<div class=\"e-con-inner\">\n\t\t\t\t\t<\/div>\n\t\t\t\t<\/div>\n\t\t<div class=\"elementor-element elementor-element-3aaae0d2 e-flex e-con-boxed e-con e-parent\" data-id=\"3aaae0d2\" data-element_type=\"container\" data-e-type=\"container\">\n\t\t\t\t\t<div class=\"e-con-inner\">\n\t\t\t\t<div class=\"elementor-element elementor-element-608cad0d elementor-widget elementor-widget-text-editor\" data-id=\"608cad0d\" data-element_type=\"widget\" data-e-type=\"widget\" data-widget_type=\"text-editor.default\">\n\t\t\t\t\t\t\t\t\t\n<h3 class=\"wp-block-heading\"><b>1. APRESENTA\u00c7\u00c3O E COMPROMISSO<\/b><\/h3>\n<p><span style=\"font-weight: 400;\">N\u00f3s somos a VELOSO GREEN COFFEE e assumimos o compromisso de respeitar sua privacidade e realizar o tratamento dos seus dados pessoais de forma segura.<\/span><span style=\"font-weight: 400;\"><br \/><\/span><span style=\"font-weight: 400;\"> Por isso, apresentamos nossa Pol\u00edtica de Privacidade e Cookies ao nosso usu\u00e1rio, para que tenha conhecimento das regras relacionadas \u00e0 forma como coletamos, registramos, armazenamos, utilizamos, compartilhamos e exclu\u00edmos seus dados pessoais, de acordo com as leis vigentes no Brasil, bem como as melhores pr\u00e1ticas de Governan\u00e7a de Dados.<\/span><\/p>\n<p><span style=\"font-weight: 400;\">Como condi\u00e7\u00e3o para prestar o servi\u00e7o de exporta\u00e7\u00e3o e venda de caf\u00e9, ao entrar no site<\/span><a href=\"https:\/\/veloso.com.br\/pt\/\"> <span style=\"font-weight: 400;\">https:\/\/www.veloso.com.br\/<\/span><\/a><span style=\"font-weight: 400;\">o USU\u00c1RIO declara seu livre e expresso consentimento e que est\u00e1 plenamente ciente e de acordo com os termos da presente Pol\u00edtica de Privacidade.<\/span><\/p>\n<h3><b>2. COLETA DE DADOS E REGISTRO DE ATIVIDADES<\/b><\/h3>\n<p><span style=\"font-weight: 400;\">Os dados cadastrais s\u00e3o coletados, armazenados e transferidos pelo site. As informa\u00e7\u00f5es que coletamos incluem:<\/span><span style=\"font-weight: 400;\"><br \/><\/span><span style=\"font-weight: 400;\"> a) Para fins de contato \u201cFale Conosco\u201d: nome, telefone, e-mail, pa\u00eds, cidade, regi\u00e3o\/estado\/prov\u00edncia, cidade e motivo do contato;<\/span><\/p>\n<p><span style=\"font-weight: 400;\">A VELOSO GREEN COFFEE, busca por garantir a qualidade dos dados pessoais que utiliza. Contudo, para tanto, \u00e9 imprescind\u00edvel que voc\u00ea, usu\u00e1rio, preste as informa\u00e7\u00f5es corretas e atualizadas, prezando pela veracidade.<\/span><\/p>\n<h3><b>3. DADOS PESSOAIS DE CRIAN\u00c7AS E O COMPROMISSO DAS EMPRESAS<\/b><\/h3>\n<p><span style=\"font-weight: 400;\">O tratamento dos dados pessoais de crian\u00e7as e de adolescentes ser\u00e1 realizado em seu melhor interesse.<\/span><\/p>\n<p><span style=\"font-weight: 400;\">Considerando a vulnerabilidade do grupo de titulares considerado crian\u00e7a, o tratamento de seus dados tratados ser\u00e1 condicionado a coleta de consentimento espec\u00edfico e destacado de, pelo menos, um de seus pais ou respons\u00e1vel legal, nos casos aplic\u00e1veis.<\/span><\/p>\n<p><span style=\"font-weight: 400;\">N\u00f3s n\u00e3o possu\u00edmos servi\u00e7o direcionado a este p\u00fablico, entretanto, caso tenhamos que dialogar com eles, traremos linguagem apropriada, visando conscientizar este p\u00fablico, a import\u00e2ncia pela preserva\u00e7\u00e3o de seus dados pessoais.<\/span><\/p>\n<h3><b>4. MEDIDAS DE SEGURAN\u00c7A E RETEN\u00c7\u00c3O DE DADOS PESSOAIS<\/b><\/h3>\n<p><span style=\"font-weight: 400;\">Todos os dados pessoais armazenados por n\u00f3s ser\u00e3o mantidos em ambiente seguro, observado o estado da t\u00e9cnica dispon\u00edvel. Os dados de nossos USU\u00c1RIOS s\u00e3o acessados apenas por profissionais devidamente autorizados, respeitando o princ\u00edpio da proporcionalidade, necessidade e adequa\u00e7\u00e3o aos objetivos para os quais foram coletados, al\u00e9m do compromisso de confidencialidade e preserva\u00e7\u00e3o de privacidade nos termos desta Pol\u00edtica.<\/span><\/p>\n<p><span style=\"font-weight: 400;\">N\u00f3s mantemos um Programa de Governan\u00e7a em Privacidade e Prote\u00e7\u00e3o de Dados Pessoais, com regras espec\u00edficas e equipe especializada para assegurar o tratamento dos dados pessoais em conformidade com os valores sustentados pela empresa e com as legisla\u00e7\u00f5es aplic\u00e1veis.<\/span><\/p>\n<h3><b>5. COMPARTILHAMENTO DE DADOS PESSOAIS<\/b><\/h3>\n<p><span style=\"font-weight: 400;\">N\u00f3s somente compartilharemos as suas informa\u00e7\u00f5es pessoais em casos espec\u00edficos, para o cumprimento de finalidades leg\u00edtimas e informadas ao titular.<\/span><\/p>\n<p><span style=\"font-weight: 400;\">Dentre os Terceiros que poder\u00e3o realizar o uso compartilhado de suas informa\u00e7\u00f5es pessoais, destacamos:<\/span><span style=\"font-weight: 400;\"><br \/><\/span><span style=\"font-weight: 400;\"> \u2022 Quando do cumprimento de alguma ordem advinda de autoridade judicial, administrativa ou arbitral;<\/span><span style=\"font-weight: 400;\"><br \/><\/span><span style=\"font-weight: 400;\"> \u2022 Quando definido como uma obriga\u00e7\u00e3o legal ou regulat\u00f3ria;<\/span><span style=\"font-weight: 400;\"><br \/><\/span><span style=\"font-weight: 400;\"> \u2022 De forma autom\u00e1tica e leg\u00edtima, caso ocorram movimenta\u00e7\u00f5es societ\u00e1rias, como fus\u00e3o, aquisi\u00e7\u00e3o ou incorpora\u00e7\u00e3o e dentro do mesmo grupo econ\u00f4mico ao qual pertencemos;<\/span><\/p>\n<p><span style=\"font-weight: 400;\">Ao navegar na nossa interface, o USU\u00c1RIO poder\u00e1 ser conduzido via link, conte\u00fado ou servi\u00e7os, a outros portais ou plataformas que poder\u00e3o coletar suas informa\u00e7\u00f5es e ter sua pr\u00f3pria Pol\u00edtica de Privacidade. Portanto, caber\u00e1 ao USU\u00c1RIO manter-se atualizado destas pol\u00edticas, cabendo a ele aceit\u00e1-las ou recus\u00e1-las. N\u00e3o somos respons\u00e1veis pela Pol\u00edtica de Privacidade nem pelo conte\u00fado de quaisquer websites, conte\u00fado ou servi\u00e7os ligados ao portal, inclusive por meio de links.<\/span><\/p>\n<h3><b>6. O USO DE COOKIES E OUTRAS TECNOLOGIAS SIMILARES<\/b><\/h3>\n<p><span style=\"font-weight: 400;\">N\u00f3s poderemos utilizar Cookies e tecnologias similares para coletar, automaticamente, informa\u00e7\u00f5es sobre os titulares que acessarem os nossos sites. Tamb\u00e9m poderemos utilizar web beacons para coletar dados de comportamento de usu\u00e1rios.<\/span><\/p>\n<p><span style=\"font-weight: 400;\">Podemos utilizar seus dados que foram coletados e os registros das suas atividades em nossas interfaces digitais atuais ou que venhamos a desenvolver no futuro para melhorar a sua experi\u00eancia conosco.<\/span><\/p>\n<p><span style=\"font-weight: 400;\">O usu\u00e1rio fica ciente e consente de forma livre com a coleta dos seus dados pessoais atrav\u00e9s da nossa plataforma digital.<\/span><\/p>\n<p><span style=\"font-weight: 400;\">Nossa interface digital poder\u00e1 registrar todas as atividades efetuadas por voc\u00ea, nosso usu\u00e1rio, por meio de logs. Utilizamos a plataforma WordPress e ferramenta Google Analytics, que coletam informa\u00e7\u00f5es do usu\u00e1rio. Sempre que o usu\u00e1rio visitar ou interagir com o site, poderemos usar uma variedade de tecnologias que coletam, autom\u00e1tica ou passivamente, as informa\u00e7\u00f5es sobre a forma como o site \u00e9 acessado. Os dados de uso s\u00e3o dados estat\u00edsticos, que nos fornecem informa\u00e7\u00f5es sobre o uso do site, como quantas pessoas visitaram as p\u00e1ginas espec\u00edficas do site, tempo de perman\u00eancia em cada p\u00e1gina e em quais hiperlinks, se houver, podem clicar.<\/span><\/p>\n<p><span style=\"font-weight: 400;\">Todas as tecnologias referidas e utilizadas no nosso ambiente digital de relacionamento respeitar\u00e3o a legisla\u00e7\u00e3o vigente e os termos desta Pol\u00edtica.<\/span><\/p>\n<p><b>Utilizamos cookies para aprender como voc\u00ea interage com nosso conte\u00fado e para melhorar sua experiencia ao visitar nosso site.<\/b><span style=\"font-weight: 400;\"> Especificamente, usamos cookies e outras tecnologias de rastreamento para os seguintes fins:<\/span><span style=\"font-weight: 400;\"><br \/><\/span><span style=\"font-weight: 400;\"> \u2022 Ajudar voc\u00ea na navega\u00e7\u00e3o;<\/span><span style=\"font-weight: 400;\"><br \/><\/span><span style=\"font-weight: 400;\"> \u2022 Auxiliar no registro de nossos eventos, login e capacidade de fornecer feedback;<\/span><span style=\"font-weight: 400;\"><br \/><\/span><span style=\"font-weight: 400;\"> \u2022 Analisar seu uso de nossos servi\u00e7os;<\/span><span style=\"font-weight: 400;\"><br \/><\/span><span style=\"font-weight: 400;\"> \u2022 Medir o uso do site (estat\u00edsticas e player de v\u00eddeo);<\/span><span style=\"font-weight: 400;\"><br \/><\/span><span style=\"font-weight: 400;\"> \u2022 Facilitar o compartilhamento em redes sociais.<\/span><\/p>\n<p><b>Os cookies utilizados pelo nosso site podem executar quatro fun\u00e7\u00f5es, conforme abaixo:<\/b><b><br \/><\/b><span style=\"font-weight: 400;\"> \u2022 <\/span><b>Cookies Essenciais\/Estritamente Necess\u00e1rios<\/b><span style=\"font-weight: 400;\"> - s\u00e3o definidos apenas em resposta a a\u00e7\u00f5es feitas pelo usu\u00e1rio, o que equivale a uma solicita\u00e7\u00e3o de servi\u00e7os, como definir suas prefer\u00eancias de privacidade, efetuar login ou preencher formul\u00e1rios.<\/span><span style=\"font-weight: 400;\"><br \/><\/span><span style=\"font-weight: 400;\"> \u2022 <\/span><b>Cookies de Desempenho<\/b><span style=\"font-weight: 400;\"> - permite medir quantas vezes uma p\u00e1gina foi visitada e saber quais p\u00e1ginas s\u00e3o acessadas, verificando como os visitantes se movimentam pelo site.<\/span><span style=\"font-weight: 400;\"><br \/><\/span><span style=\"font-weight: 400;\"> \u2022 <\/span><b>Cookies Funcionais<\/b><span style=\"font-weight: 400;\"> - nos ajuda a lembrar o que voc\u00ea selecionou, ent\u00e3o, quando voc\u00ea retorna, nos lembramos de suas prefer\u00eancias.<\/span><span style=\"font-weight: 400;\"><br \/><\/span><span style=\"font-weight: 400;\"> \u2022 <\/span><b>Cookies de Segmenta\u00e7\u00e3o e Rastreamento<\/b><span style=\"font-weight: 400;\"> - Eles podem ser usados para criar um perfil de seus interesses e exibir an\u00fancios relevantes em outros sites.<\/span><\/p>\n<p><span style=\"font-weight: 400;\">Caso o usu\u00e1rio n\u00e3o possa ou n\u00e3o queira fornecer o seu consentimento, os servi\u00e7os supra relacionados n\u00e3o ser\u00e3o disponibilizados.<\/span><\/p>\n<p><span style=\"font-weight: 400;\">O USU\u00c1RIO poder\u00e1 desabilitar os cookies no navegador, a qualquer momento para expressar e modificar seus desejos com rela\u00e7\u00e3o aos cookies utilizados em nosso site. Logo, poder\u00e1 configurar seu navegador para aceitar ou excluir cookies antes de eles serem instalados conforme o caso; bem como remover regularmente os cookies do seu terminal, atrav\u00e9s do seu navegador.\n\nNo entanto, caso o USU\u00c1RIO desabilite os cookies no seu navegador n\u00e3o poder\u00e1 experimentar completamente algumas de nossas p\u00e1ginas.<\/span><\/p>\n<p><b>Especialmente, em rela\u00e7\u00e3o aos cookies de medi\u00e7\u00e3o de p\u00fablico, o USU\u00c1RIO tamb\u00e9m pode desativ\u00e1-los da seguinte maneira:<\/b><b><br \/><\/b><span style=\"font-weight: 400;\"> (Links preserved exactly as provided in the original text.)<\/span><span style=\"font-weight: 400;\"><br \/><\/span><span style=\"font-weight: 400;\"> \u2022 Para informa\u00e7\u00f5es sobre configura\u00e7\u00e3o de cookies\nhttp:\/\/www.aboutcookies.org\/<\/span><span style=\"font-weight: 400;\"><br \/><\/span><span style=\"font-weight: 400;\"> \u2022 Para os cookies do \"Google Analytics\", voc\u00ea pode fazer o download do m\u00f3dulo acess\u00edvel a partir do endere\u00e7o a seguir para desativar esses cookies\nhttps:\/\/tools.google.com\/dlpage\/gaoptout\/<\/span><span style=\"font-weight: 400;\"><br \/><\/span><span style=\"font-weight: 400;\"> \u2022 Para o Internet Explorer\u2122\nhttps:\/\/support.microsoft.com\/en-gb\/help\/17442\/windows-internet-explorer-delete-manage-cookies?ocid=IE10_about_cookies<\/span><span style=\"font-weight: 400;\"><br \/><\/span><span style=\"font-weight: 400;\"> \u2022 Para o Safari\u2122\nhttp:\/\/support.apple.com\/kb\/HT1677?viewlocale=en_US<\/span><span style=\"font-weight: 400;\"><br \/><\/span><span style=\"font-weight: 400;\"> \u2022 Para o Chrome\u2122: \nhttps:\/\/support.google.com\/chrome\/answer\/95647?hl=en<\/span><span style=\"font-weight: 400;\"><br \/><\/span><span style=\"font-weight: 400;\"> \u2022 Para o Firefox\u2122\nhttps:\/\/support.mozilla.org\/en-US\/kb\/enable-and-disable-cookies-website-preferences<\/span><span style=\"font-weight: 400;\"><br \/><\/span><span style=\"font-weight: 400;\"> \u2022 Para o Opera\u2122\nhttp:\/\/help.opera.com\/Windows\/10.20\/en\/cookies.html<\/span><\/p>\n<h3><b>7. ARMAZENAMENTO DOS DADOS E REGISTROS<\/b><\/h3>\n<p><span style=\"font-weight: 400;\">Os dados e os registros de atividades coletados estar\u00e3o armazenados em ambiente seguro e controlado, pelo prazo m\u00ednimo de 6 (seis) meses, nos termos do Marco Civil da Internet, observada a t\u00e9cnica dispon\u00edvel \u00e0 \u00e9poca.<\/span><\/p>\n<p><span style=\"font-weight: 400;\">Os dados poder\u00e3o ser exclu\u00eddos antes desse prazo, caso haja solicita\u00e7\u00e3o do USU\u00c1RIO, desde que n\u00e3o se adequem a exce\u00e7\u00f5es legais para que sejam mantidos os registros.<\/span><\/p>\n<p><span style=\"font-weight: 400;\">O USU\u00c1RIO est\u00e1 ciente de que os dados coletados (sejam pessoais ou n\u00e3o) poder\u00e3o ser armazenados em servidores localizados no Brasil, bem como em ambiente de uso de recursos ou servidores na nuvem (cloud computing), o que enseja, neste \u00faltimo caso, a transfer\u00eancia ou processamento de dados fora do Brasil, em pa\u00edses terceiros.<\/span><\/p>\n<p><span style=\"font-weight: 400;\">Podemos, para fins de auditoria, seguran\u00e7a, controle de fraudes e preserva\u00e7\u00e3o de direitos, permanecer com o hist\u00f3rico de registro dos seus dados por prazo maior, nas hip\u00f3teses definidas em lei ou em normas regulat\u00f3rias.<\/span><\/p>\n<p><span style=\"font-weight: 400;\">O USU\u00c1RIO poder\u00e1 cancelar o envio de conte\u00fados e e-mail marketing, enviados mediante autoriza\u00e7\u00e3o realizada no site, a qualquer tempo atrav\u00e9s do e-mail <\/span><b>dpo@veloso.com.br<\/b><\/p>\n<h3><b>8. DIREITOS DOS TITULARES<\/b><\/h3>\n<p><span style=\"font-weight: 400;\">Em cumprimento \u00e0 legisla\u00e7\u00e3o aplic\u00e1vel, no que diz respeito ao tratamento de dados pessoais, n\u00f3s respeitamos e garantimos ao Titular, a possibilidade de apresenta\u00e7\u00e3o de solicita\u00e7\u00f5es baseadas nos seguintes direitos:<\/span><\/p>\n<ol>\n<li><span style=\"font-weight: 400;\">a) Confirma\u00e7\u00e3o da exist\u00eancia de tratamento.<\/span><span style=\"font-weight: 400;\"><br \/><\/span><span style=\"font-weight: 400;\"> b) Acesso aos dados: Voc\u00ea pode solicitar acesso aos dados que tratamos a seu respeito de duas formas:\n\u2022 Simples: Recebendo apenas um extrato simplificado de seus dados pessoais; \n\u2022 Completa: Recebendo, para al\u00e9m dos dados pessoais envolvidos, a informa\u00e7\u00e3o sobre a origem dos dados, a inexist\u00eancia de registro, os crit\u00e9rios utilizados e a finalidade do tratamento, observados os segredos comercial e industrial.<\/span><span style=\"font-weight: 400;\"><br \/><\/span><span style=\"font-weight: 400;\"> c) Corre\u00e7\u00e3o de dados incompletos, inexatos ou desatualizados.<\/span><span style=\"font-weight: 400;\"><br \/><\/span><span style=\"font-weight: 400;\"> d) Anonimiza\u00e7\u00e3o, bloqueio ou elimina\u00e7\u00e3o de dados desnecess\u00e1rios, excessivos ou tratados em desconformidade.<\/span><span style=\"font-weight: 400;\"><br \/><\/span><span style=\"font-weight: 400;\"> e) Portabilidade dos seus dados a outro fornecedor de servi\u00e7o ou produto.<\/span><span style=\"font-weight: 400;\"><br \/><\/span><span style=\"font-weight: 400;\"> f) Revoga\u00e7\u00e3o do Consentimento, caso o tratamento dos seus dados pessoais seja realizado com base no fornecimento do seu consentimento. Retirar o consentimento n\u00e3o afetar\u00e1 a legitimidade do processamento realizado anteriormente \u00e0 retirada, nem afetar\u00e1 o processamento dos dados pessoais executados com base em processos leg\u00edtimos, que dispensam o consentimento.<\/span><span style=\"font-weight: 400;\"><br \/><\/span><span style=\"font-weight: 400;\"> g) Elimina\u00e7\u00e3o dos dados tratados com consentimento do Titular: Para as atividades de tratamento que envolvam o fornecimento de consentimento, voc\u00ea poder\u00e1, a qualquer momento, solicitar expressamente a elimina\u00e7\u00e3o dos seus dados pessoais.<\/span><span style=\"font-weight: 400;\"><br \/><\/span><span style=\"font-weight: 400;\"> h) Obten\u00e7\u00e3o de informa\u00e7\u00f5es sobre as entidades p\u00fablicas ou privadas com as quais compartilhamos seus dados.<\/span><span style=\"font-weight: 400;\"><br \/><\/span><span style=\"font-weight: 400;\"> i) Informa\u00e7\u00e3o sobre a possibilidade de n\u00e3o fornecer o seu consentimento, bem como de ser informado sobre as consequ\u00eancias, em caso de negativa.<\/span><span style=\"font-weight: 400;\"><br \/><\/span><span style=\"font-weight: 400;\"> j) Revis\u00e3o de decis\u00e3o automatizada: Caso ocorra alguma decis\u00e3o automatizada que envolva o tratamento dos seus dados pessoais ou que o afete diretamente, \u00e9 seu direito nos solicitar a revis\u00e3o desta decis\u00e3o.<\/span><\/li>\n<\/ol>\n<p><span style=\"font-weight: 400;\">As requisi\u00e7\u00f5es dos titulares ser\u00e3o:<\/span><span style=\"font-weight: 400;\"><br \/><\/span><span style=\"font-weight: 400;\"> \u2022 Oportunizadas de forma gratuita;<\/span><span style=\"font-weight: 400;\"><br \/><\/span><span style=\"font-weight: 400;\"> \u2022 Submetidas a uma forma de valida\u00e7\u00e3o de sua identidade (para que a Villegagnon direcione o atendimento de requisi\u00e7\u00f5es exclusivamente ao titular dos dados).<\/span><span style=\"font-weight: 400;\"><br \/><\/span><span style=\"font-weight: 400;\"> \u2022 Importante ressaltar que todas as solicita\u00e7\u00f5es passar\u00e3o pela avalia\u00e7\u00e3o de nossa equipe de privacidade, a qual poder\u00e1 solicitar informa\u00e7\u00f5es adicionais para compreender melhor sua solicita\u00e7\u00e3o, prestando um adequado atendimento.<\/span><\/p>\n<p><span style=\"font-weight: 400;\">As solicita\u00e7\u00f5es realizadas nem sempre poder\u00e3o ser atendidas. Contudo, caso haja eventual recusa, apresentaremos os devidos fundamentos relacionados, possibilitando que compreenda as nossas raz\u00f5es.<\/span><\/p>\n<p><span style=\"font-weight: 400;\">Se voc\u00ea acredita que seus dados pessoais foram usados de maneira incompat\u00edvel com esta Pol\u00edtica de Privacidade e Cookies ou com as suas prefer\u00eancias de privacidade, enquanto titular dos dados pessoais, ou, ainda, se voc\u00ea tiver d\u00favidas, coment\u00e1rios ou sugest\u00f5es relacionadas a esta Pol\u00edtica, entre em contato conosco atrav\u00e9s do endere\u00e7o: <\/span><b>dpo@veloso.com.br<\/b><span style=\"font-weight: 400;\">.<\/span><\/p>\n<h3><b>9. BASES LEGAIS PARA O PROCESSAMENTO DE DADOS<\/b><\/h3>\n<p><span style=\"font-weight: 400;\">Nossa base legal  para coleta e processamento de dados pessoais est\u00e1 amparada na legisla\u00e7\u00e3o vigente no pa\u00eds \u2013 Lei 13.709\/2018 (LGPD) e inclui:<\/span><span style=\"font-weight: 400;\"><br \/><\/span><span style=\"font-weight: 400;\"> i. Com seu consentimento para faz\u00ea-lo (art. 7\u00ba, inciso I, da Lei 13.709\/2018);<\/span><span style=\"font-weight: 400;\"><br \/><\/span><span style=\"font-weight: 400;\"> ii. Para cumprimento de alguma obriga\u00e7\u00e3o legal ou regulat\u00f3ria (art. 7\u00ba, inciso II, Lei 13.709\/2018);<\/span><span style=\"font-weight: 400;\"><br \/><\/span><span style=\"font-weight: 400;\"> iii. Quando precisamos dos seus dados pessoais para celebrar ou executar um contrato com o USU\u00c1RIO (art. 7\u00ba, inciso V, Lei 13.709\/2018);<\/span><span style=\"font-weight: 400;\"><br \/><\/span><span style=\"font-weight: 400;\"> iv. Quando o processamento est\u00e1 de acordo com nossos interesses leg\u00edtimos e n\u00e3o menosprezarem seus interesses relacionados \u00e0 prote\u00e7\u00e3o de dados ou liberdades e garantias fundamentais (art. 7\u00ba, inciso IX, Lei 13.709\/2018).<\/span><\/p>\n<h3><b>10. INFORMA\u00c7\u00d5ES DE CONTATO<\/b><\/h3>\n<ol>\n<li><b>a) Controlador<\/b><b><br \/><\/b><span style=\"font-weight: 400;\"> VELOSO GREEN COFFEE<\/span><span style=\"font-weight: 400;\"><br \/><\/span><span style=\"font-weight: 400;\"> \u2022 veloso@veloso.com.br<\/span><span style=\"font-weight: 400;\"><br \/><\/span><span style=\"font-weight: 400;\"> \u2022 +55 (34) 3851-7500<\/span><span style=\"font-weight: 400;\"><br \/><\/span><span style=\"font-weight: 400;\"> \u2022 Av. Jo\u00e3o Batista da Silva, 801 \u2013 Amazonas, Carmo do Parana\u00edba \u2013 MG<\/span><\/li>\n<li><b>b) Data Protection Officer: Marcos Francisco dos Santos<\/b><b><br \/><\/b><span style=\"font-weight: 400;\"> dpo@veloso.com.br<\/span><span style=\"font-weight: 400;\"><br \/><\/span><span style=\"font-weight: 400;\"> \u2022 +55 (34) 3851-7540<\/span><span style=\"font-weight: 400;\"><br \/><\/span><span style=\"font-weight: 400;\"> \u2022 Av. Jo\u00e3o Batista da Silva, 801 \u2013 Amazonas, Carmo do Parana\u00edba \u2013 MG<\/span><\/li>\n<\/ol>\n<h3><b>11. DISPOSI\u00c7\u00d5ES GERAIS<\/b><\/h3>\n<p><span style=\"font-weight: 400;\">As disposi\u00e7\u00f5es constantes deste aviso de privacidade poder\u00e3o ser atualizadas ou modificadas a qualquer momento, informamos que sempre disponibilizaremos no nosso portal a vers\u00e3o mais atual deste documento, cabendo ao USU\u00c1RIO verific\u00e1-la periodicamente. Avisaremos quando ocorrerem atualiza\u00e7\u00f5es significativas que demandem nova coleta de consentimento, atrav\u00e9s dos meios de contato fornecidos. Por isso, \u00e9 importante que o USU\u00c1RIO mantenha seu cadastro sempre atualizado.<\/span><\/p>\n<p><span style=\"font-weight: 400;\">O USU\u00c1RIO reconhece que toda a comunica\u00e7\u00e3o realizada por e-mail, SMS, aplicativos de comunica\u00e7\u00e3o instant\u00e2nea ou qualquer outra forma digital ou virtual s\u00e3o v\u00e1lidas como provas documentais, sendo eficazes e suficientes para a divulga\u00e7\u00e3o de qualquer assunto que se refira a este relacionamento, ressalvadas as disposi\u00e7\u00f5es diversas previstas nesta Pol\u00edtica.<\/span><\/p>\n<p><span style=\"font-weight: 400;\">A presente Pol\u00edtica ser\u00e1 regida e interpretada segundo a legisla\u00e7\u00e3o brasileira, no idioma portugu\u00eas, sendo eleito o Foro da Comarca de Carmo do Parana\u00edba\/MG, nas rela\u00e7\u00f5es mantidas com os USU\u00c1RIOS, para dirimir controv\u00e9rsias, salvo compet\u00eancia territorial, pessoal ou funcional, conforme legisla\u00e7\u00f5es espec\u00edficas.<\/span><\/p>\n<p><b>Data da \u00faltima atualiza\u00e7\u00e3o: 03\/11\/2025<\/b><\/p>\t\t\t\t\t\t\t\t<\/div>\n\t\t\t\t\t<\/div>\n\t\t\t\t<\/div>\n\t\t\t\t<\/div>","protected":false},"excerpt":{"rendered":"<p>1. INTRODUCTION AND COMMITMENT We are VELOSO GREEN COFFEE, and we are committed to respecting your privacy and handling your personal data securely. For this reason, we present our Privacy and Cookies Policy so that users understand the rules related to how we collect, record, store, use, share, and delete personal data, in accordance with [&hellip;]<\/p>\n","protected":false},"author":1,"featured_media":0,"parent":0,"menu_order":0,"comment_status":"closed","ping_status":"closed","template":"","meta":{"_seopress_robots_primary_cat":"","_seopress_titles_title":"","_seopress_titles_desc":"","_seopress_robots_index":"","footnotes":""},"class_list":["post-3","page","type-page","status-publish","hentry"],"_links":{"self":[{"href":"https:\/\/veloso.com.br\/pt\/wp-json\/wp\/v2\/pages\/3","targetHints":{"allow":["GET"]}}],"collection":[{"href":"https:\/\/veloso.com.br\/pt\/wp-json\/wp\/v2\/pages"}],"about":[{"href":"https:\/\/veloso.com.br\/pt\/wp-json\/wp\/v2\/types\/page"}],"author":[{"embeddable":true,"href":"https:\/\/veloso.com.br\/pt\/wp-json\/wp\/v2\/users\/1"}],"replies":[{"embeddable":true,"href":"https:\/\/veloso.com.br\/pt\/wp-json\/wp\/v2\/comments?post=3"}],"version-history":[{"count":0,"href":"https:\/\/veloso.com.br\/pt\/wp-json\/wp\/v2\/pages\/3\/revisions"}],"wp:attachment":[{"href":"https:\/\/veloso.com.br\/pt\/wp-json\/wp\/v2\/media?parent=3"}],"curies":[{"name":"wp","href":"https:\/\/api.w.org\/{rel}","templated":true}]}}