{"id":929,"date":"2026-01-08T10:05:28","date_gmt":"2026-01-08T13:05:28","guid":{"rendered":"https:\/\/veloso.com.br\/?page_id=929"},"modified":"2026-01-08T10:47:15","modified_gmt":"2026-01-08T13:47:15","slug":"lgpd","status":"publish","type":"page","link":"https:\/\/veloso.com.br\/pt\/lgpd\/","title":{"rendered":"General Data Protection Law (GDPL)"},"content":{"rendered":"<div data-elementor-type=\"wp-page\" data-elementor-id=\"929\" class=\"elementor elementor-929\" data-elementor-post-type=\"page\">\n\t\t\t\t<div class=\"elementor-element elementor-element-027d0d7 e-flex e-con-boxed e-con e-parent\" data-id=\"027d0d7\" data-element_type=\"container\" data-e-type=\"container\">\n\t\t\t\t\t<div class=\"e-con-inner\">\n\t\t\t\t<div class=\"elementor-element elementor-element-61f1654 elementor-widget elementor-widget-text-editor\" data-id=\"61f1654\" data-element_type=\"widget\" data-e-type=\"widget\" data-widget_type=\"text-editor.default\">\n\t\t\t\t\t\t\t\t\t<h2 data-start=\"292\" data-end=\"329\">Pol\u00edtica de Privacidade e Prote\u00e7\u00e3o de Dados<\/h2>\n<p data-start=\"331\" data-end=\"647\">A sua privacidade \u00e9 importante para n\u00f3s. Esta Pol\u00edtica de Privacidade tem como objetivo explicar, de forma clara e transparente, como coletamos, usamos, armazenamos e protegemos seus dados pessoais, em conformidade com a <strong data-start=\"519\" data-end=\"589\">Lei Geral de Prote\u00e7\u00e3o de Dados Pessoais (Lei n\u00ba 13.709\/2018 \u2013 LGPD)<\/strong> e as normas internacionais de prote\u00e7\u00e3o de dados aplic\u00e1veis.<\/p>\n<p data-start=\"649\" data-end=\"747\">Ao utilizar este site, voc\u00ea reconhece que leu e concorda com os termos aqui descritos.<\/p>\n<hr data-start=\"749\" data-end=\"752\" \/>\n<h2 data-start=\"754\" data-end=\"784\">\u00a0<\/h2>\n<h2 data-start=\"1114\" data-end=\"1140\">1. Como utilizamos seus dados<\/h2>\n<p data-start=\"1142\" data-end=\"1176\">Os dados pessoais coletados podem ser utilizados para:<\/p>\n<ul data-start=\"1178\" data-end=\"1407\">\n<li data-start=\"1178\" data-end=\"1206\">\n<p data-start=\"1180\" data-end=\"1206\">Entrar em contato com voc\u00ea quando solicitado<\/p>\n<\/li>\n<li data-start=\"1207\" data-end=\"1254\">\n<p data-start=\"1209\" data-end=\"1254\">Responder d\u00favidas, solicita\u00e7\u00f5es ou mensagens<\/p>\n<\/li>\n<li data-start=\"1255\" data-end=\"1297\">\n<p data-start=\"1257\" data-end=\"1297\">Melhore sua experi\u00eancia em nosso site.<\/p>\n<\/li>\n<li data-start=\"1298\" data-end=\"1345\">\n<p data-start=\"1300\" data-end=\"1345\">Cumprir obriga\u00e7\u00f5es legais ou regulamentares.<\/p>\n<\/li>\n<li data-start=\"1346\" data-end=\"1407\">\n<p data-start=\"1348\" data-end=\"1407\">Garantir a seguran\u00e7a e o funcionamento adequado do site<\/p>\n<\/li>\n<\/ul>\n<p data-start=\"1409\" data-end=\"1507\">Nunca utilizamos seus dados para finalidades diferentes das informadas, nem os comercializamos.<\/p>\n<hr data-start=\"1509\" data-end=\"1512\" \/>\n<h2 data-start=\"1514\" data-end=\"1532\">2. Compartilhamento de dados<\/h2>\n<p data-start=\"1534\" data-end=\"1613\">Seus dados <strong data-start=\"1547\" data-end=\"1580\">n\u00e3o s\u00e3o vendidos ou compartilhados<\/strong> com terceiros, exceto quando:<\/p>\n<ul data-start=\"1615\" data-end=\"1820\">\n<li data-start=\"1615\" data-end=\"1660\">\n<p data-start=\"1617\" data-end=\"1660\">Necess\u00e1rio para cumprimento de obriga\u00e7\u00e3o legal<\/p>\n<\/li>\n<li data-start=\"1661\" data-end=\"1699\">\n<p data-start=\"1663\" data-end=\"1699\">Exigido por autoridades competentes<\/p>\n<\/li>\n<li data-start=\"1700\" data-end=\"1820\">\n<p data-start=\"1702\" data-end=\"1820\">Utilizado por servi\u00e7os essenciais ao funcionamento do site (ex.: hospedagem), sempre respeitando a LGPD<\/p>\n<\/li>\n<\/ul>\n<hr data-start=\"1822\" data-end=\"1825\" \/>\n<h2 data-start=\"1827\" data-end=\"1858\">3. Armazenamento e seguran\u00e7a dos dados<\/h2>\n<p data-start=\"1860\" data-end=\"2030\">Adotamos medidas t\u00e9cnicas e organizacionais adequadas para proteger seus dados pessoais contra acessos n\u00e3o autorizados, vazamentos, altera\u00e7\u00f5es ou qualquer forma de tratamento inadequado ou il\u00edcito.<\/p>\n<p data-start=\"2032\" data-end=\"2184\">Os dados s\u00e3o armazenados apenas pelo tempo necess\u00e1rio para cumprir as finalidades para as quais foram coletados, respeitando prazos legais quando aplic\u00e1veis.<\/p>\n<hr data-start=\"2186\" data-end=\"2189\" \/>\n<h2 data-start=\"2191\" data-end=\"2226\">4. Seus direitos como titular dos dados<\/h2>\n<p data-start=\"2228\" data-end=\"2291\">De acordo com a LGPD, voc\u00ea tem o direito de:<\/p>\n<ul data-start=\"2293\" data-end=\"2673\">\n<li data-start=\"2293\" data-end=\"2350\">\n<p data-start=\"2295\" data-end=\"2350\">Confirmar a exist\u00eancia de tratamento de seus dados<\/p>\n<\/li>\n<li data-start=\"2351\" data-end=\"2380\">\n<p data-start=\"2353\" data-end=\"2380\">Acessar seus dados pessoais<\/p>\n<\/li>\n<li data-start=\"2381\" data-end=\"2447\">\n<p data-start=\"2383\" data-end=\"2447\">Corrigir dados incompletos, inexatos ou desatualizados<\/p>\n<\/li>\n<li data-start=\"2448\" data-end=\"2516\">\n<p data-start=\"2450\" data-end=\"2516\">Solicitar a anonimiza\u00e7\u00e3o, bloqueio ou elimina\u00e7\u00e3o de dados desnecess\u00e1rios<\/p>\n<\/li>\n<li data-start=\"2517\" data-end=\"2562\">\n<p data-start=\"2519\" data-end=\"2562\">Solicitar a portabilidade dos dados<\/p>\n<\/li>\n<li data-start=\"2563\" data-end=\"2600\">\n<p data-start=\"2565\" data-end=\"2600\">Revogar o consentimento, quando aplic\u00e1vel<\/p>\n<\/li>\n<li data-start=\"2601\" data-end=\"2673\">\n<p data-start=\"2603\" data-end=\"2673\">Solicitar a exclus\u00e3o dos seus dados pessoais, observadas as obriga\u00e7\u00f5es legais<\/p>\n<\/li>\n<\/ul>\n<p data-start=\"2675\" data-end=\"2716\">Voc\u00ea pode exercer seus direitos a qualquer momento.<\/p>\n<hr data-start=\"2718\" data-end=\"2721\" \/>\n<h2 data-start=\"2723\" data-end=\"2758\">5. Encarregado de Prote\u00e7\u00e3o de Dados (DPO)<\/h2>\n<p data-start=\"2760\" data-end=\"2913\">Caso tenha d\u00favidas, solicita\u00e7\u00f5es ou queira exercer qualquer um dos seus direitos relacionados aos seus dados pessoais, entre em contato com nosso <strong data-start=\"2879\" data-end=\"2912\">Encarregado de Prote\u00e7\u00e3o de Dados (DPO)<\/strong>:<\/p>\n<p data-start=\"2915\" data-end=\"3009\"><strong data-start=\"2915\" data-end=\"2924\">Nome:<\/strong> Marcos Santos<br data-start=\"2938\" data-end=\"2941\" \/><img decoding=\"async\" class=\"emoji\" role=\"img\" draggable=\"false\" src=\"https:\/\/s.w.org\/images\/core\/emoji\/17.0.2\/svg\/1f4de.svg\" alt=\"\ud83d\udcde\" \/> <strong data-start=\"2944\" data-end=\"2954\">Telefone:<\/strong> +55 (34) 3851-7540<br data-start=\"2973\" data-end=\"2976\" \/><img decoding=\"async\" class=\"emoji\" role=\"img\" draggable=\"false\" src=\"https:\/\/s.w.org\/images\/core\/emoji\/17.0.2\/svg\/2709.svg\" alt=\"\u2709\ufe0f\" \/> <strong data-start=\"2979\" data-end=\"2989\">Email:<\/strong> <a class=\"decorated-link cursor-pointer\" rel=\"noopener\" data-start=\"2990\" data-end=\"3007\">dpo@veloso.com.br<\/a><\/p>\n<p data-start=\"3011\" data-end=\"3120\">Nos comprometemos a responder sua solicita\u00e7\u00e3o no menor prazo poss\u00edvel, conforme previsto em lei.<\/p>\n<hr data-start=\"3122\" data-end=\"3125\" \/>\n<h2 data-start=\"3127\" data-end=\"3159\">6. Pol\u00edtica de Privacidade e Cookies<\/h2>\n<p data-start=\"3161\" data-end=\"3316\">Para obter informa\u00e7\u00f5es mais detalhadas sobre o uso de cookies e as pr\u00e1ticas de processamento de dados, consulte nossa Pol\u00edtica de Privacidade e Cookies completa, dispon\u00edvel em:<\/p>\n<p data-start=\"3318\" data-end=\"3394\"><img decoding=\"async\" class=\"emoji\" role=\"img\" draggable=\"false\" src=\"https:\/\/s.w.org\/images\/core\/emoji\/17.0.2\/svg\/1f517.svg\" alt=\"\ud83d\udd17\" \/> <strong data-start=\"3321\" data-end=\"3394\"><a class=\"decorated-link\" href=\"https:\/\/veloso.com.br\/pt\/privacy-and-cookies-policy-veloso-green-coffee\/\" target=\"_blank\" rel=\"noopener\" data-start=\"3323\" data-end=\"3392\">Pol\u00edtica de Privacidade e Cookies<\/a><\/strong><\/p>\n<p data-start=\"3605\" data-end=\"3761\">\u00a0<\/p>\t\t\t\t\t\t\t\t<\/div>\n\t\t\t\t\t<\/div>\n\t\t\t\t<\/div>\n\t\t\t\t<\/div>","protected":false},"excerpt":{"rendered":"<p>Privacy and Data Protection Policy Your privacy is important to us. This Privacy Policy aims to explain, in a clear and transparent manner, how we collect, use, store, and protect your personal data, in accordance with the Brazilian General Data Protection Law (LGPD \u2013 Law No. 13,709\/2018) and applicable international data protection regulations. By using [&hellip;]<\/p>\n","protected":false},"author":1,"featured_media":0,"parent":0,"menu_order":0,"comment_status":"closed","ping_status":"closed","template":"elementor_header_footer","meta":{"_seopress_robots_primary_cat":"","_seopress_titles_title":"","_seopress_titles_desc":"","_seopress_robots_index":"","footnotes":""},"class_list":["post-929","page","type-page","status-publish","hentry"],"_links":{"self":[{"href":"https:\/\/veloso.com.br\/pt\/wp-json\/wp\/v2\/pages\/929","targetHints":{"allow":["GET"]}}],"collection":[{"href":"https:\/\/veloso.com.br\/pt\/wp-json\/wp\/v2\/pages"}],"about":[{"href":"https:\/\/veloso.com.br\/pt\/wp-json\/wp\/v2\/types\/page"}],"author":[{"embeddable":true,"href":"https:\/\/veloso.com.br\/pt\/wp-json\/wp\/v2\/users\/1"}],"replies":[{"embeddable":true,"href":"https:\/\/veloso.com.br\/pt\/wp-json\/wp\/v2\/comments?post=929"}],"version-history":[{"count":22,"href":"https:\/\/veloso.com.br\/pt\/wp-json\/wp\/v2\/pages\/929\/revisions"}],"predecessor-version":[{"id":956,"href":"https:\/\/veloso.com.br\/pt\/wp-json\/wp\/v2\/pages\/929\/revisions\/956"}],"wp:attachment":[{"href":"https:\/\/veloso.com.br\/pt\/wp-json\/wp\/v2\/media?parent=929"}],"curies":[{"name":"wp","href":"https:\/\/api.w.org\/{rel}","templated":true}]}}